{"id":55,"date":"2024-03-06T09:25:02","date_gmt":"2024-03-06T08:25:02","guid":{"rendered":"https:\/\/digicop-demo.pbminfotech.com\/demo1\/?page_id=12838"},"modified":"2024-04-12T21:10:12","modified_gmt":"2024-04-12T19:10:12","slug":"secteur-dactivites","status":"publish","type":"page","link":"https:\/\/www.globalsafety.biz\/en\/secteur-dactivites\/","title":{"rendered":"Business sectors"},"content":{"rendered":"<div data-elementor-type=\"wp-page\" data-elementor-id=\"55\" class=\"elementor elementor-55\" data-elementor-post-type=\"page\">\n\t\t\t\t\t\t<section class=\"elementor-section elementor-top-section elementor-element elementor-element-69949b1 dsvy-col-stretched-none dsvy-bg-color-over-image elementor-section-boxed elementor-section-height-default elementor-section-height-default\" data-id=\"69949b1\" data-element_type=\"section\">\n\t\t\t\t\t\t<div class=\"elementor-container elementor-column-gap-default\">\n\t\t\t\t\t<div class=\"elementor-column elementor-col-100 elementor-top-column elementor-element elementor-element-9788940 dsvy-bg-color-over-image\" data-id=\"9788940\" data-element_type=\"column\">\n\t\t\t<div class=\"elementor-widget-wrap elementor-element-populated\">\n\t\t\t\t\t\t<div class=\"elementor-element elementor-element-448baea dsvy-align-center dsvy-heaing-style-2  elementor-invisible elementor-widget elementor-widget-dsvy_heading\" data-id=\"448baea\" data-element_type=\"widget\" data-settings=\"{&quot;_animation&quot;:&quot;fadeInUp&quot;}\" data-widget_type=\"dsvy_heading.default\">\n\t\t\t\t<div class=\"elementor-widget-container\">\n\t\t\t\t<div class=\"dsvy-heading-subheading center-align dsvy-reverse-heading-yes\"><h4 class=\"dsvy-element-subtitle\">\n\t\t\t\n\t\t\t\tOUR SECTORS\n\t\t\t\n\t\t\t<\/h4>\n\t\t<h2 class=\"dsvy-element-title\">\n\t\t\t\n\t\t\t\tTAILOR-MADE EXPERTISE\n\t\t\t\n\t\t\t<\/h2>\n\t\t<\/div>\t\t<\/div>\n\t\t\t\t<\/div>\n\t\t\t\t\t<\/div>\n\t\t<\/div>\n\t\t\t\t\t<\/div>\n\t\t<\/section>\n\t\t\t\t<section class=\"elementor-section elementor-top-section elementor-element elementor-element-c407e45 dsvy-col-stretched-none dsvy-bg-color-over-image elementor-section-boxed elementor-section-height-default elementor-section-height-default\" data-id=\"c407e45\" data-element_type=\"section\">\n\t\t\t\t\t\t<div class=\"elementor-container elementor-column-gap-default\">\n\t\t\t\t\t<div class=\"elementor-column elementor-col-33 elementor-top-column elementor-element elementor-element-3c6c8b0 dsvy-bg-color-over-image\" data-id=\"3c6c8b0\" data-element_type=\"column\">\n\t\t\t<div class=\"elementor-widget-wrap elementor-element-populated\">\n\t\t\t\t\t\t<div class=\"elementor-element elementor-element-a34f131 elementor-invisible elementor-widget elementor-widget-dsvy_icon_heading\" data-id=\"a34f131\" data-element_type=\"widget\" data-settings=\"{&quot;_animation&quot;:&quot;fadeInUp&quot;}\" data-widget_type=\"dsvy_icon_heading.default\">\n\t\t\t\t<div class=\"elementor-widget-container\">\n\t\t\t<div class=\"dsvy-ihbox dsvy-ihbox-style-1\"><div class=\"dsvy-ihbox-box\">\n\t<div class=\"dsvy-ihbox-icon\"><div class=\"dsvy-ihbox-icon-wrapper dsvy-ihbox-icon-type-image\"><img decoding=\"async\" data-src=\"http:\/\/www.globalsafety.biz\/wp-content\/uploads\/2024\/03\/petrole.jpg\" alt=\"Oil, Gas, Energy, Mining, Welding and Heavy Industry\" src=\"data:image\/gif;base64,R0lGODlhAQABAAAAACH5BAEKAAEALAAAAAABAAEAAAICTAEAOw==\" class=\"lazyload\" style=\"--smush-placeholder-width: 800px; --smush-placeholder-aspect-ratio: 800\/600;\" \/><noscript><img decoding=\"async\" src=\"http:\/\/www.globalsafety.biz\/wp-content\/uploads\/2024\/03\/petrole.jpg\" alt=\"Oil, Gas, Energy, Mining, Welding and Heavy Industry\" \/><\/noscript><\/div><\/div>\t<div class=\"dsvy-ihbox-contents\">\n\t\t\t\t<h2 class=\"dsvy-element-title\">\n\t\t\t\t\t\n\t\t\t\t\t\tOil, Gas, Energy, Mining, Welding and Heavy Industry\n\t\t\t\t\t\n\t\t\t\t\t<\/h2>\n\t\t\t\t\t\t\n\t\t\t\t\t<\/div><!-- .dsvy-ihbox-contents -->\n<\/div>\n<\/div>\t\t<\/div>\n\t\t\t\t<\/div>\n\t\t\t\t\t<\/div>\n\t\t<\/div>\n\t\t\t\t<div class=\"elementor-column elementor-col-33 elementor-top-column elementor-element elementor-element-0125098 dsvy-bg-color-over-image\" data-id=\"0125098\" data-element_type=\"column\">\n\t\t\t<div class=\"elementor-widget-wrap elementor-element-populated\">\n\t\t\t\t\t\t<div class=\"elementor-element elementor-element-fcb3e44 elementor-invisible elementor-widget elementor-widget-dsvy_icon_heading\" data-id=\"fcb3e44\" data-element_type=\"widget\" data-settings=\"{&quot;_animation&quot;:&quot;fadeInUp&quot;}\" data-widget_type=\"dsvy_icon_heading.default\">\n\t\t\t\t<div class=\"elementor-widget-container\">\n\t\t\t<div class=\"dsvy-ihbox dsvy-ihbox-style-1\"><div class=\"dsvy-ihbox-box\">\n\t<div class=\"dsvy-ihbox-icon\"><div class=\"dsvy-ihbox-icon-wrapper dsvy-ihbox-icon-type-image\"><img decoding=\"async\" data-src=\"http:\/\/www.globalsafety.biz\/wp-content\/uploads\/2024\/03\/electronique.jpg\" alt=\"Electronics and Telecommunications\" src=\"data:image\/gif;base64,R0lGODlhAQABAAAAACH5BAEKAAEALAAAAAABAAEAAAICTAEAOw==\" class=\"lazyload\" style=\"--smush-placeholder-width: 800px; --smush-placeholder-aspect-ratio: 800\/600;\" \/><noscript><img decoding=\"async\" src=\"http:\/\/www.globalsafety.biz\/wp-content\/uploads\/2024\/03\/electronique.jpg\" alt=\"Electronics and Telecommunications\" \/><\/noscript><\/div><\/div>\t<div class=\"dsvy-ihbox-contents\">\n\t\t\t\t<h2 class=\"dsvy-element-title\">\n\t\t\t\t\t\n\t\t\t\t\t\tElectronics and Telecommunications\n\t\t\t\t\t\n\t\t\t\t\t<\/h2>\n\t\t\t\t\t\t\n\t\t\t\t\t<\/div><!-- .dsvy-ihbox-contents -->\n<\/div>\n<\/div>\t\t<\/div>\n\t\t\t\t<\/div>\n\t\t\t\t\t<\/div>\n\t\t<\/div>\n\t\t\t\t<div class=\"elementor-column elementor-col-33 elementor-top-column elementor-element elementor-element-84aee58 dsvy-bg-color-over-image\" data-id=\"84aee58\" data-element_type=\"column\">\n\t\t\t<div class=\"elementor-widget-wrap elementor-element-populated\">\n\t\t\t\t\t\t<div class=\"elementor-element elementor-element-f620d65 elementor-invisible elementor-widget elementor-widget-dsvy_icon_heading\" data-id=\"f620d65\" data-element_type=\"widget\" data-settings=\"{&quot;_animation&quot;:&quot;fadeInUp&quot;}\" data-widget_type=\"dsvy_icon_heading.default\">\n\t\t\t\t<div class=\"elementor-widget-container\">\n\t\t\t<div class=\"dsvy-ihbox dsvy-ihbox-style-1\"><div class=\"dsvy-ihbox-box\">\n\t<div class=\"dsvy-ihbox-icon\"><div class=\"dsvy-ihbox-icon-wrapper dsvy-ihbox-icon-type-image\"><img decoding=\"async\" data-src=\"http:\/\/www.globalsafety.biz\/wp-content\/uploads\/2024\/03\/medical.jpg\" alt=\"Medical, Pharmaceutical and Hygiene\" src=\"data:image\/gif;base64,R0lGODlhAQABAAAAACH5BAEKAAEALAAAAAABAAEAAAICTAEAOw==\" class=\"lazyload\" style=\"--smush-placeholder-width: 800px; --smush-placeholder-aspect-ratio: 800\/600;\" \/><noscript><img decoding=\"async\" src=\"http:\/\/www.globalsafety.biz\/wp-content\/uploads\/2024\/03\/medical.jpg\" alt=\"Medical, Pharmaceutical and Hygiene\" \/><\/noscript><\/div><\/div>\t<div class=\"dsvy-ihbox-contents\">\n\t\t\t\t<h2 class=\"dsvy-element-title\">\n\t\t\t\t\t\n\t\t\t\t\t\tMedical, Pharmaceutical and Hygiene\n\t\t\t\t\t\n\t\t\t\t\t<\/h2>\n\t\t\t\t\t\t\n\t\t\t\t\t<\/div><!-- .dsvy-ihbox-contents -->\n<\/div>\n<\/div>\t\t<\/div>\n\t\t\t\t<\/div>\n\t\t\t\t\t<\/div>\n\t\t<\/div>\n\t\t\t\t\t<\/div>\n\t\t<\/section>\n\t\t\t\t<section class=\"elementor-section elementor-top-section elementor-element elementor-element-76d5eb7 dsvy-col-stretched-none dsvy-bg-color-over-image elementor-section-boxed elementor-section-height-default elementor-section-height-default\" data-id=\"76d5eb7\" data-element_type=\"section\">\n\t\t\t\t\t\t<div class=\"elementor-container elementor-column-gap-default\">\n\t\t\t\t\t<div class=\"elementor-column elementor-col-33 elementor-top-column elementor-element elementor-element-afa8bd9 dsvy-bg-color-over-image\" data-id=\"afa8bd9\" data-element_type=\"column\">\n\t\t\t<div class=\"elementor-widget-wrap elementor-element-populated\">\n\t\t\t\t\t\t<div class=\"elementor-element elementor-element-3b23848 elementor-invisible elementor-widget elementor-widget-dsvy_icon_heading\" data-id=\"3b23848\" data-element_type=\"widget\" data-settings=\"{&quot;_animation&quot;:&quot;fadeInUp&quot;}\" data-widget_type=\"dsvy_icon_heading.default\">\n\t\t\t\t<div class=\"elementor-widget-container\">\n\t\t\t<div class=\"dsvy-ihbox dsvy-ihbox-style-1\"><div class=\"dsvy-ihbox-box\">\n\t<div class=\"dsvy-ihbox-icon\"><div class=\"dsvy-ihbox-icon-wrapper dsvy-ihbox-icon-type-image\"><img decoding=\"async\" data-src=\"http:\/\/www.globalsafety.biz\/wp-content\/uploads\/2024\/03\/chimique.jpg\" alt=\"Hazardous Materials and Chemicals\" src=\"data:image\/gif;base64,R0lGODlhAQABAAAAACH5BAEKAAEALAAAAAABAAEAAAICTAEAOw==\" class=\"lazyload\" style=\"--smush-placeholder-width: 800px; --smush-placeholder-aspect-ratio: 800\/600;\" \/><noscript><img decoding=\"async\" src=\"http:\/\/www.globalsafety.biz\/wp-content\/uploads\/2024\/03\/chimique.jpg\" alt=\"Hazardous Materials and Chemicals\" \/><\/noscript><\/div><\/div>\t<div class=\"dsvy-ihbox-contents\">\n\t\t\t\t<h2 class=\"dsvy-element-title\">\n\t\t\t\t\t\n\t\t\t\t\t\tHazardous Materials and Chemicals\n\t\t\t\t\t\n\t\t\t\t\t<\/h2>\n\t\t\t\t\t\t\n\t\t\t\t\t<\/div><!-- .dsvy-ihbox-contents -->\n<\/div>\n<\/div>\t\t<\/div>\n\t\t\t\t<\/div>\n\t\t\t\t\t<\/div>\n\t\t<\/div>\n\t\t\t\t<div class=\"elementor-column elementor-col-33 elementor-top-column elementor-element elementor-element-dfb08f0 dsvy-bg-color-over-image\" data-id=\"dfb08f0\" data-element_type=\"column\">\n\t\t\t<div class=\"elementor-widget-wrap elementor-element-populated\">\n\t\t\t\t\t\t<div class=\"elementor-element elementor-element-e173708 elementor-invisible elementor-widget elementor-widget-dsvy_icon_heading\" data-id=\"e173708\" data-element_type=\"widget\" data-settings=\"{&quot;_animation&quot;:&quot;fadeInUp&quot;}\" data-widget_type=\"dsvy_icon_heading.default\">\n\t\t\t\t<div class=\"elementor-widget-container\">\n\t\t\t<div class=\"dsvy-ihbox dsvy-ihbox-style-1\"><div class=\"dsvy-ihbox-box\">\n\t<div class=\"dsvy-ihbox-icon\"><div class=\"dsvy-ihbox-icon-wrapper dsvy-ihbox-icon-type-image\"><img decoding=\"async\" data-src=\"http:\/\/www.globalsafety.biz\/wp-content\/uploads\/2024\/03\/AdobeStock_92159097-1024x683-1-e1711583899494.jpeg\" alt=\"Agri-food\" src=\"data:image\/gif;base64,R0lGODlhAQABAAAAACH5BAEKAAEALAAAAAABAAEAAAICTAEAOw==\" class=\"lazyload\" style=\"--smush-placeholder-width: 800px; --smush-placeholder-aspect-ratio: 800\/600;\" \/><noscript><img decoding=\"async\" src=\"http:\/\/www.globalsafety.biz\/wp-content\/uploads\/2024\/03\/AdobeStock_92159097-1024x683-1-e1711583899494.jpeg\" alt=\"Agri-food\" \/><\/noscript><\/div><\/div>\t<div class=\"dsvy-ihbox-contents\">\n\t\t\t\t<h2 class=\"dsvy-element-title\">\n\t\t\t\t\t\n\t\t\t\t\t\tAgri-food\n\t\t\t\t\t\n\t\t\t\t\t<\/h2>\n\t\t\t\t\t\t\n\t\t\t\t\t<\/div><!-- .dsvy-ihbox-contents -->\n<\/div>\n<\/div>\t\t<\/div>\n\t\t\t\t<\/div>\n\t\t\t\t\t<\/div>\n\t\t<\/div>\n\t\t\t\t<div class=\"elementor-column elementor-col-33 elementor-top-column elementor-element elementor-element-f6ec851 dsvy-bg-color-over-image\" data-id=\"f6ec851\" data-element_type=\"column\">\n\t\t\t<div class=\"elementor-widget-wrap elementor-element-populated\">\n\t\t\t\t\t\t<div class=\"elementor-element elementor-element-d899781 elementor-invisible elementor-widget elementor-widget-dsvy_icon_heading\" data-id=\"d899781\" data-element_type=\"widget\" data-settings=\"{&quot;_animation&quot;:&quot;fadeInUp&quot;}\" data-widget_type=\"dsvy_icon_heading.default\">\n\t\t\t\t<div class=\"elementor-widget-container\">\n\t\t\t<div class=\"dsvy-ihbox dsvy-ihbox-style-1\"><div class=\"dsvy-ihbox-box\">\n\t<div class=\"dsvy-ihbox-icon\"><div class=\"dsvy-ihbox-icon-wrapper dsvy-ihbox-icon-type-image\"><img decoding=\"async\" data-src=\"http:\/\/www.globalsafety.biz\/wp-content\/uploads\/2024\/03\/maritime-aviation.jpg\" alt=\"Maritime and Aviation\" src=\"data:image\/gif;base64,R0lGODlhAQABAAAAACH5BAEKAAEALAAAAAABAAEAAAICTAEAOw==\" class=\"lazyload\" style=\"--smush-placeholder-width: 800px; --smush-placeholder-aspect-ratio: 800\/600;\" \/><noscript><img decoding=\"async\" src=\"http:\/\/www.globalsafety.biz\/wp-content\/uploads\/2024\/03\/maritime-aviation.jpg\" alt=\"Maritime and Aviation\" \/><\/noscript><\/div><\/div>\t<div class=\"dsvy-ihbox-contents\">\n\t\t\t\t<h2 class=\"dsvy-element-title\">\n\t\t\t\t\t\n\t\t\t\t\t\tMaritime and Aviation\n\t\t\t\t\t\n\t\t\t\t\t<\/h2>\n\t\t\t\t\t\t\n\t\t\t\t\t<\/div><!-- .dsvy-ihbox-contents -->\n<\/div>\n<\/div>\t\t<\/div>\n\t\t\t\t<\/div>\n\t\t\t\t\t<\/div>\n\t\t<\/div>\n\t\t\t\t\t<\/div>\n\t\t<\/section>\n\t\t\t\t<section class=\"elementor-section elementor-top-section elementor-element elementor-element-116b495 dsvy-col-stretched-none dsvy-bg-color-over-image elementor-section-boxed elementor-section-height-default elementor-section-height-default\" data-id=\"116b495\" data-element_type=\"section\">\n\t\t\t\t\t\t<div class=\"elementor-container elementor-column-gap-default\">\n\t\t\t\t\t<div class=\"elementor-column elementor-col-33 elementor-top-column elementor-element elementor-element-c5b3164 dsvy-bg-color-over-image\" data-id=\"c5b3164\" data-element_type=\"column\">\n\t\t\t<div class=\"elementor-widget-wrap elementor-element-populated\">\n\t\t\t\t\t\t<div class=\"elementor-element elementor-element-3c816ed elementor-invisible elementor-widget elementor-widget-dsvy_icon_heading\" data-id=\"3c816ed\" data-element_type=\"widget\" data-settings=\"{&quot;_animation&quot;:&quot;fadeInUp&quot;}\" data-widget_type=\"dsvy_icon_heading.default\">\n\t\t\t\t<div class=\"elementor-widget-container\">\n\t\t\t<div class=\"dsvy-ihbox dsvy-ihbox-style-1\"><div class=\"dsvy-ihbox-box\">\n\t<div class=\"dsvy-ihbox-icon\"><div class=\"dsvy-ihbox-icon-wrapper dsvy-ihbox-icon-type-image\"><img decoding=\"async\" data-src=\"http:\/\/www.globalsafety.biz\/wp-content\/uploads\/2024\/03\/logistique.jpg\" alt=\"Transport, Logistics and Warehousing\" src=\"data:image\/gif;base64,R0lGODlhAQABAAAAACH5BAEKAAEALAAAAAABAAEAAAICTAEAOw==\" class=\"lazyload\" style=\"--smush-placeholder-width: 800px; --smush-placeholder-aspect-ratio: 800\/600;\" \/><noscript><img decoding=\"async\" src=\"http:\/\/www.globalsafety.biz\/wp-content\/uploads\/2024\/03\/logistique.jpg\" alt=\"Transport, Logistics and Warehousing\" \/><\/noscript><\/div><\/div>\t<div class=\"dsvy-ihbox-contents\">\n\t\t\t\t<h2 class=\"dsvy-element-title\">\n\t\t\t\t\t\n\t\t\t\t\t\tTransport, Logistics and Warehousing\n\t\t\t\t\t\n\t\t\t\t\t<\/h2>\n\t\t\t\t\t\t\n\t\t\t\t\t<\/div><!-- .dsvy-ihbox-contents -->\n<\/div>\n<\/div>\t\t<\/div>\n\t\t\t\t<\/div>\n\t\t\t\t\t<\/div>\n\t\t<\/div>\n\t\t\t\t<div class=\"elementor-column elementor-col-33 elementor-top-column elementor-element elementor-element-7d07aec dsvy-bg-color-over-image\" data-id=\"7d07aec\" data-element_type=\"column\">\n\t\t\t<div class=\"elementor-widget-wrap elementor-element-populated\">\n\t\t\t\t\t\t<div class=\"elementor-element elementor-element-a5f2d4b elementor-invisible elementor-widget elementor-widget-dsvy_icon_heading\" data-id=\"a5f2d4b\" data-element_type=\"widget\" data-settings=\"{&quot;_animation&quot;:&quot;fadeInUp&quot;}\" data-widget_type=\"dsvy_icon_heading.default\">\n\t\t\t\t<div class=\"elementor-widget-container\">\n\t\t\t<div class=\"dsvy-ihbox dsvy-ihbox-style-1\"><div class=\"dsvy-ihbox-box\">\n\t<div class=\"dsvy-ihbox-icon\"><div class=\"dsvy-ihbox-icon-wrapper dsvy-ihbox-icon-type-image\"><img decoding=\"async\" data-src=\"http:\/\/www.globalsafety.biz\/wp-content\/uploads\/2024\/03\/apprentissage1.webp\" alt=\"Services\" src=\"data:image\/gif;base64,R0lGODlhAQABAAAAACH5BAEKAAEALAAAAAABAAEAAAICTAEAOw==\" class=\"lazyload\" style=\"--smush-placeholder-width: 800px; --smush-placeholder-aspect-ratio: 800\/600;\" \/><noscript><img decoding=\"async\" src=\"http:\/\/www.globalsafety.biz\/wp-content\/uploads\/2024\/03\/apprentissage1.webp\" alt=\"Services\" \/><\/noscript><\/div><\/div>\t<div class=\"dsvy-ihbox-contents\">\n\t\t\t\t<h2 class=\"dsvy-element-title\">\n\t\t\t\t\t\n\t\t\t\t\t\tServices\n\t\t\t\t\t\n\t\t\t\t\t<\/h2>\n\t\t\t\t\t\t\n\t\t\t\t\t<\/div><!-- .dsvy-ihbox-contents -->\n<\/div>\n<\/div>\t\t<\/div>\n\t\t\t\t<\/div>\n\t\t\t\t\t<\/div>\n\t\t<\/div>\n\t\t\t\t<div class=\"elementor-column elementor-col-33 elementor-top-column elementor-element elementor-element-9b08560 dsvy-bg-color-over-image\" data-id=\"9b08560\" data-element_type=\"column\">\n\t\t\t<div class=\"elementor-widget-wrap elementor-element-populated\">\n\t\t\t\t\t\t<div class=\"elementor-element elementor-element-c01eda3 elementor-invisible elementor-widget elementor-widget-dsvy_icon_heading\" data-id=\"c01eda3\" data-element_type=\"widget\" data-settings=\"{&quot;_animation&quot;:&quot;fadeInUp&quot;}\" data-widget_type=\"dsvy_icon_heading.default\">\n\t\t\t\t<div class=\"elementor-widget-container\">\n\t\t\t<div class=\"dsvy-ihbox dsvy-ihbox-style-1\"><div class=\"dsvy-ihbox-box\">\n\t<div class=\"dsvy-ihbox-icon\"><div class=\"dsvy-ihbox-icon-wrapper dsvy-ihbox-icon-type-image\"><img decoding=\"async\" data-src=\"http:\/\/www.globalsafety.biz\/wp-content\/uploads\/2024\/03\/batiment.jpg\" alt=\"Building and Public Works\" src=\"data:image\/gif;base64,R0lGODlhAQABAAAAACH5BAEKAAEALAAAAAABAAEAAAICTAEAOw==\" class=\"lazyload\" style=\"--smush-placeholder-width: 800px; --smush-placeholder-aspect-ratio: 800\/600;\" \/><noscript><img decoding=\"async\" src=\"http:\/\/www.globalsafety.biz\/wp-content\/uploads\/2024\/03\/batiment.jpg\" alt=\"Building and Public Works\" \/><\/noscript><\/div><\/div>\t<div class=\"dsvy-ihbox-contents\">\n\t\t\t\t<h2 class=\"dsvy-element-title\">\n\t\t\t\t\t\n\t\t\t\t\t\tBuilding and Public Works\n\t\t\t\t\t\n\t\t\t\t\t<\/h2>\n\t\t\t\t\t\t\n\t\t\t\t\t<\/div><!-- .dsvy-ihbox-contents -->\n<\/div>\n<\/div>\t\t<\/div>\n\t\t\t\t<\/div>\n\t\t\t\t\t<\/div>\n\t\t<\/div>\n\t\t\t\t\t<\/div>\n\t\t<\/section>\n\t\t\t\t<\/div>","protected":false},"excerpt":{"rendered":"<p>Nos secteurs L&rsquo;expertise sur-mesure P\u00e9trole, Gaz, \u00c9nergie, Mines, Soudage et Industrie lourde \u00c9lectronique et T\u00e9l\u00e9communications M\u00e9dical, Pharmaceutique et Hygi\u00e8ne Mat\u00e9riaux dangereux et Chimiques Agroalimentaire Maritime et Aviation Transport, Logistique et Entreposage Services B\u00e2timent et Travaux publics<\/p>","protected":false},"author":1,"featured_media":0,"parent":0,"menu_order":11,"comment_status":"closed","ping_status":"closed","template":"","meta":{"_acf_changed":false,"footnotes":""},"class_list":["post-55","page","type-page","status-publish","hentry"],"acf":[],"aioseo_notices":[],"_links":{"self":[{"href":"https:\/\/www.globalsafety.biz\/en\/wp-json\/wp\/v2\/pages\/55","targetHints":{"allow":["GET"]}}],"collection":[{"href":"https:\/\/www.globalsafety.biz\/en\/wp-json\/wp\/v2\/pages"}],"about":[{"href":"https:\/\/www.globalsafety.biz\/en\/wp-json\/wp\/v2\/types\/page"}],"author":[{"embeddable":true,"href":"https:\/\/www.globalsafety.biz\/en\/wp-json\/wp\/v2\/users\/1"}],"replies":[{"embeddable":true,"href":"https:\/\/www.globalsafety.biz\/en\/wp-json\/wp\/v2\/comments?post=55"}],"version-history":[{"count":31,"href":"https:\/\/www.globalsafety.biz\/en\/wp-json\/wp\/v2\/pages\/55\/revisions"}],"predecessor-version":[{"id":1205,"href":"https:\/\/www.globalsafety.biz\/en\/wp-json\/wp\/v2\/pages\/55\/revisions\/1205"}],"wp:attachment":[{"href":"https:\/\/www.globalsafety.biz\/en\/wp-json\/wp\/v2\/media?parent=55"}],"curies":[{"name":"wp","href":"https:\/\/api.w.org\/{rel}","templated":true}]}}