{"id":683,"date":"2024-03-14T13:32:24","date_gmt":"2024-03-14T12:32:24","guid":{"rendered":"https:\/\/www.globalsafety.biz\/?page_id=683"},"modified":"2024-06-18T15:07:29","modified_gmt":"2024-06-18T13:07:29","slug":"services-formations","status":"publish","type":"page","link":"https:\/\/www.globalsafety.biz\/en\/services-formations\/","title":{"rendered":"Services"},"content":{"rendered":"<div data-elementor-type=\"wp-page\" data-elementor-id=\"683\" class=\"elementor elementor-683\" data-elementor-post-type=\"page\">\n\t\t\t\t\t\t<section class=\"elementor-section elementor-top-section elementor-element elementor-element-8c2f28b dsvy-col-stretched-none dsvy-bg-color-over-image elementor-section-boxed elementor-section-height-default elementor-section-height-default\" data-id=\"8c2f28b\" data-element_type=\"section\">\n\t\t\t\t\t\t<div class=\"elementor-container elementor-column-gap-default\">\n\t\t\t\t\t<div class=\"elementor-column elementor-col-33 elementor-top-column elementor-element elementor-element-81da865 animated-slow dsvy-bg-color-over-image elementor-invisible\" data-id=\"81da865\" data-element_type=\"column\" data-settings=\"{&quot;animation&quot;:&quot;fadeInLeft&quot;,&quot;animation_delay&quot;:1}\">\n\t\t\t<div class=\"elementor-widget-wrap elementor-element-populated\">\n\t\t\t\t\t\t<div class=\"elementor-element elementor-element-c3a287a dsvy-align-left elementor-widget elementor-widget-dsvy_heading\" data-id=\"c3a287a\" data-element_type=\"widget\" data-settings=\"{&quot;_animation&quot;:&quot;none&quot;}\" data-widget_type=\"dsvy_heading.default\">\n\t\t\t\t<div class=\"elementor-widget-container\">\n\t\t\t\t<div class=\"dsvy-heading-subheading left-align dsvy-reverse-heading-yes\"><h2 class=\"dsvy-element-title\">\n\t\t\t\n\t\t\t\tMAINTENANCE &amp; CALIBRATION OF GAS AND BREATHALYSER DETECTORS\n\t\t\t\n\t\t\t<\/h2>\n\t\t<div class=\"dsvy-heading-desc\">Gas and breathalyser detectors use different types of cells (catalytic, infra-red, electrochemical, semiconductor or photoionisation) which require regular calibration to ensure accurate and reliable measurements over time. At Global Safety, we have a team of qualified technicians approved by our partner manufacturers, who provide maintenance services and periodic checks of portable or fixed gas detectors, on site or at our maintenance centres in Tunis and Sfax.<\/div><\/div>\t\t<\/div>\n\t\t\t\t<\/div>\n\t\t\t\t\t<\/div>\n\t\t<\/div>\n\t\t\t\t<div class=\"elementor-column elementor-col-33 elementor-top-column elementor-element elementor-element-360fe1a animated-slow dsvy-bg-color-over-image elementor-invisible\" data-id=\"360fe1a\" data-element_type=\"column\" data-settings=\"{&quot;animation&quot;:&quot;fadeInLeft&quot;,&quot;animation_delay&quot;:5}\">\n\t\t\t<div class=\"elementor-widget-wrap elementor-element-populated\">\n\t\t\t\t\t\t<div class=\"elementor-element elementor-element-3d3e26e elementor-hidden-mobile elementor-view-default elementor-widget elementor-widget-icon\" data-id=\"3d3e26e\" data-element_type=\"widget\" data-settings=\"{&quot;_animation&quot;:&quot;none&quot;}\" data-widget_type=\"icon.default\">\n\t\t\t\t<div class=\"elementor-widget-container\">\n\t\t\t\t\t<div class=\"elementor-icon-wrapper\">\n\t\t\t<div class=\"elementor-icon\">\n\t\t\t<i aria-hidden=\"true\" class=\"fas fa-arrow-circle-right\"><\/i>\t\t\t<\/div>\n\t\t<\/div>\n\t\t\t\t<\/div>\n\t\t\t\t<\/div>\n\t\t\t\t<div class=\"elementor-element elementor-element-b2c8c27 elementor-hidden-desktop elementor-hidden-mobile elementor-view-default elementor-widget elementor-widget-icon\" data-id=\"b2c8c27\" data-element_type=\"widget\" data-settings=\"{&quot;_animation&quot;:&quot;none&quot;}\" data-widget_type=\"icon.default\">\n\t\t\t\t<div class=\"elementor-widget-container\">\n\t\t\t\t\t<div class=\"elementor-icon-wrapper\">\n\t\t\t<div class=\"elementor-icon\">\n\t\t\t<i aria-hidden=\"true\" class=\"fas fa-arrow-circle-down\"><\/i>\t\t\t<\/div>\n\t\t<\/div>\n\t\t\t\t<\/div>\n\t\t\t\t<\/div>\n\t\t\t\t\t<\/div>\n\t\t<\/div>\n\t\t\t\t<div class=\"elementor-column elementor-col-33 elementor-top-column elementor-element elementor-element-fba9b5a animated-slow dsvy-bg-color-over-image elementor-invisible\" data-id=\"fba9b5a\" data-element_type=\"column\" data-settings=\"{&quot;animation&quot;:&quot;fadeInLeft&quot;,&quot;animation_delay&quot;:8}\">\n\t\t\t<div class=\"elementor-widget-wrap elementor-element-populated\">\n\t\t\t\t\t\t<div class=\"elementor-element elementor-element-42e81fe elementor-widget__width-initial dsvy-align-left elementor-widget elementor-widget-dsvy_heading\" data-id=\"42e81fe\" data-element_type=\"widget\" data-settings=\"{&quot;_animation&quot;:&quot;none&quot;}\" data-widget_type=\"dsvy_heading.default\">\n\t\t\t\t<div class=\"elementor-widget-container\">\n\t\t\t\t<div class=\"dsvy-heading-subheading left-align dsvy-reverse-heading-yes\"><h2 class=\"dsvy-element-title\">\n\t\t\t\n\t\t\t\tTRAINING IN THE USE OF PORTABLE GAS DETECTORS\n\t\t\t\n\t\t\t<\/h2>\n\t\t<div class=\"dsvy-heading-desc\">Anyone who has to use a portable gas detector needs to be familiar with certain basic principles to ensure optimum use and minimise any risks associated with working in hazardous or confined areas. For these reasons, training in the use of portable gas detectors is strongly recommended at our premises, on-site at our customers' premises or online via Teams.<\/div><\/div>\t\t<\/div>\n\t\t\t\t<\/div>\n\t\t\t\t\t<\/div>\n\t\t<\/div>\n\t\t\t\t\t<\/div>\n\t\t<\/section>\n\t\t\t\t<section class=\"elementor-section elementor-top-section elementor-element elementor-element-fcb571b dsvy-col-stretched-none dsvy-bg-color-over-image elementor-section-boxed elementor-section-height-default elementor-section-height-default\" data-id=\"fcb571b\" data-element_type=\"section\" data-settings=\"{&quot;background_background&quot;:&quot;classic&quot;}\">\n\t\t\t\t\t\t<div class=\"elementor-container elementor-column-gap-default\">\n\t\t\t\t\t<div class=\"elementor-column elementor-col-33 elementor-top-column elementor-element elementor-element-c7ae6c3 animated-slow dsvy-bg-color-over-image elementor-invisible\" data-id=\"c7ae6c3\" data-element_type=\"column\" data-settings=\"{&quot;animation&quot;:&quot;fadeInLeft&quot;,&quot;animation_delay&quot;:1}\">\n\t\t\t<div class=\"elementor-widget-wrap elementor-element-populated\">\n\t\t\t\t\t\t<div class=\"elementor-element elementor-element-f808d18 dsvy-align-left elementor-widget elementor-widget-dsvy_heading\" data-id=\"f808d18\" data-element_type=\"widget\" data-settings=\"{&quot;_animation&quot;:&quot;none&quot;}\" data-widget_type=\"dsvy_heading.default\">\n\t\t\t\t<div class=\"elementor-widget-container\">\n\t\t\t\t<div class=\"dsvy-heading-subheading left-align dsvy-reverse-heading-yes\"><h2 class=\"dsvy-element-title\">\n\t\t\t\n\t\t\t\tInspection and maintenance of class 3 (category 3) PPE\n\t\t\t\n\t\t\t<\/h2>\n\t\t<div class=\"dsvy-heading-desc\">Class 3 (or category 3) personal protective equipment (PPE) is designed to prevent fatal or very serious risks. It is essential and mandatory to regularly check, inspect and maintain this type of protection to ensure the safety of the workforce. PPE includes respiratory protective equipment, chemical protective clothing and fall protection.<\/div><\/div>\t\t<\/div>\n\t\t\t\t<\/div>\n\t\t\t\t\t<\/div>\n\t\t<\/div>\n\t\t\t\t<div class=\"elementor-column elementor-col-33 elementor-top-column elementor-element elementor-element-831b995 animated-slow dsvy-bg-color-over-image elementor-invisible\" data-id=\"831b995\" data-element_type=\"column\" data-settings=\"{&quot;animation&quot;:&quot;fadeInLeft&quot;,&quot;animation_delay&quot;:5}\">\n\t\t\t<div class=\"elementor-widget-wrap elementor-element-populated\">\n\t\t\t\t\t\t<div class=\"elementor-element elementor-element-100d547 elementor-hidden-mobile elementor-view-default elementor-widget elementor-widget-icon\" data-id=\"100d547\" data-element_type=\"widget\" data-settings=\"{&quot;_animation&quot;:&quot;none&quot;}\" data-widget_type=\"icon.default\">\n\t\t\t\t<div class=\"elementor-widget-container\">\n\t\t\t\t\t<div class=\"elementor-icon-wrapper\">\n\t\t\t<div class=\"elementor-icon\">\n\t\t\t<i aria-hidden=\"true\" class=\"fas fa-arrow-circle-right\"><\/i>\t\t\t<\/div>\n\t\t<\/div>\n\t\t\t\t<\/div>\n\t\t\t\t<\/div>\n\t\t\t\t<div class=\"elementor-element elementor-element-6577b50 elementor-hidden-desktop elementor-view-default elementor-widget elementor-widget-icon\" data-id=\"6577b50\" data-element_type=\"widget\" data-settings=\"{&quot;_animation&quot;:&quot;none&quot;}\" data-widget_type=\"icon.default\">\n\t\t\t\t<div class=\"elementor-widget-container\">\n\t\t\t\t\t<div class=\"elementor-icon-wrapper\">\n\t\t\t<div class=\"elementor-icon\">\n\t\t\t<i aria-hidden=\"true\" class=\"fas fa-arrow-circle-down\"><\/i>\t\t\t<\/div>\n\t\t<\/div>\n\t\t\t\t<\/div>\n\t\t\t\t<\/div>\n\t\t\t\t\t<\/div>\n\t\t<\/div>\n\t\t\t\t<div class=\"elementor-column elementor-col-33 elementor-top-column elementor-element elementor-element-8839016 animated-slow dsvy-bg-color-over-image elementor-invisible\" data-id=\"8839016\" data-element_type=\"column\" data-settings=\"{&quot;animation&quot;:&quot;fadeInLeft&quot;,&quot;animation_delay&quot;:8}\">\n\t\t\t<div class=\"elementor-widget-wrap elementor-element-populated\">\n\t\t\t\t\t\t<div class=\"elementor-element elementor-element-34748e8 dsvy-align-left elementor-widget elementor-widget-dsvy_heading\" data-id=\"34748e8\" data-element_type=\"widget\" data-settings=\"{&quot;_animation&quot;:&quot;none&quot;}\" data-widget_type=\"dsvy_heading.default\">\n\t\t\t\t<div class=\"elementor-widget-container\">\n\t\t\t\t<div class=\"dsvy-heading-subheading left-align dsvy-reverse-heading-yes\"><h2 class=\"dsvy-element-title\">\n\t\t\t\n\t\t\t\tTRAINING IN THE USE OF BREATHING APPARATUS\n\t\t\t\n\t\t\t<\/h2>\n\t\t<div class=\"dsvy-heading-desc\">Anyone who has to wear a self-contained breathing apparatus (SCBA) in the course of their work must first have received training in its usage, with a prior medical examination by the occupational physician being a prerequisite.<\/div><\/div>\t\t<\/div>\n\t\t\t\t<\/div>\n\t\t\t\t\t<\/div>\n\t\t<\/div>\n\t\t\t\t\t<\/div>\n\t\t<\/section>\n\t\t\t\t<section class=\"elementor-section elementor-top-section elementor-element elementor-element-7f3da28 dsvy-col-stretched-none dsvy-bg-color-over-image elementor-section-boxed elementor-section-height-default elementor-section-height-default\" data-id=\"7f3da28\" data-element_type=\"section\">\n\t\t\t\t\t\t<div class=\"elementor-container elementor-column-gap-default\">\n\t\t\t\t\t<div class=\"elementor-column elementor-col-33 elementor-top-column elementor-element elementor-element-be03a7e animated-slow dsvy-bg-color-over-image elementor-invisible\" data-id=\"be03a7e\" data-element_type=\"column\" data-settings=\"{&quot;motion_fx_motion_fx_mouse&quot;:&quot;yes&quot;,&quot;animation&quot;:&quot;fadeInLeft&quot;,&quot;animation_delay&quot;:1}\">\n\t\t\t<div class=\"elementor-widget-wrap elementor-element-populated\">\n\t\t\t\t\t\t<div class=\"elementor-element elementor-element-1d3889b dsvy-align-left elementor-widget elementor-widget-dsvy_heading\" data-id=\"1d3889b\" data-element_type=\"widget\" data-settings=\"{&quot;_animation&quot;:&quot;none&quot;}\" data-widget_type=\"dsvy_heading.default\">\n\t\t\t\t<div class=\"elementor-widget-container\">\n\t\t\t\t<div class=\"dsvy-heading-subheading left-align dsvy-reverse-heading-yes\"><h2 class=\"dsvy-element-title\">\n\t\t\t\n\t\t\t\tINSTALLATION AND MONITORING OF FALL PROTECTION SYSTEMS\n\t\t\t\n\t\t\t<\/h2>\n\t\t<div class=\"dsvy-heading-desc\">Installation and monitoring of fall protection systems should only be carried out by a trained and certified installation company. <br>\nOur qualified engineers are registered and approved to install and maintain a wide range of height access and fall protection systems from the industry's leading manufacturers. The systems we offer comply with all relevant European and ISO standards.<br>\nPPE includes respiratory protective equipment, chemical protective clothing and fall protection.<\/div><\/div>\t\t<\/div>\n\t\t\t\t<\/div>\n\t\t\t\t\t<\/div>\n\t\t<\/div>\n\t\t\t\t<div class=\"elementor-column elementor-col-33 elementor-top-column elementor-element elementor-element-3b2a0ef animated-slow dsvy-bg-color-over-image elementor-invisible\" data-id=\"3b2a0ef\" data-element_type=\"column\" data-settings=\"{&quot;animation&quot;:&quot;fadeInLeft&quot;,&quot;animation_delay&quot;:10}\">\n\t\t\t<div class=\"elementor-widget-wrap elementor-element-populated\">\n\t\t\t\t\t\t<div class=\"elementor-element elementor-element-8705ca0 elementor-hidden-mobile elementor-view-default elementor-widget elementor-widget-icon\" data-id=\"8705ca0\" data-element_type=\"widget\" data-settings=\"{&quot;_animation&quot;:&quot;none&quot;}\" data-widget_type=\"icon.default\">\n\t\t\t\t<div class=\"elementor-widget-container\">\n\t\t\t\t\t<div class=\"elementor-icon-wrapper\">\n\t\t\t<div class=\"elementor-icon\">\n\t\t\t<i aria-hidden=\"true\" class=\"fas fa-arrow-circle-right\"><\/i>\t\t\t<\/div>\n\t\t<\/div>\n\t\t\t\t<\/div>\n\t\t\t\t<\/div>\n\t\t\t\t<div class=\"elementor-element elementor-element-b8ee80b elementor-hidden-desktop elementor-hidden-tablet elementor-view-default elementor-widget elementor-widget-icon\" data-id=\"b8ee80b\" data-element_type=\"widget\" data-settings=\"{&quot;_animation&quot;:&quot;none&quot;}\" data-widget_type=\"icon.default\">\n\t\t\t\t<div class=\"elementor-widget-container\">\n\t\t\t\t\t<div class=\"elementor-icon-wrapper\">\n\t\t\t<div class=\"elementor-icon\">\n\t\t\t<i aria-hidden=\"true\" class=\"fas fa-arrow-circle-down\"><\/i>\t\t\t<\/div>\n\t\t<\/div>\n\t\t\t\t<\/div>\n\t\t\t\t<\/div>\n\t\t\t\t\t<\/div>\n\t\t<\/div>\n\t\t\t\t<div class=\"elementor-column elementor-col-33 elementor-top-column elementor-element elementor-element-33770b2 dsvy-bg-color-yes dsvy-elementor-bg-color-white animated-slow dsvy-bg-color-over-image elementor-invisible\" data-id=\"33770b2\" data-element_type=\"column\" data-settings=\"{&quot;background_background&quot;:&quot;classic&quot;,&quot;animation&quot;:&quot;fadeInLeft&quot;,&quot;animation_delay&quot;:15}\">\n\t\t\t<div class=\"elementor-widget-wrap elementor-element-populated\">\n\t\t\t\t\t<div class=\"elementor-background-overlay\"><\/div>\n\t\t\t\t\t\t<div class=\"elementor-element elementor-element-742540b dsvy-align-left elementor-widget elementor-widget-dsvy_heading\" data-id=\"742540b\" data-element_type=\"widget\" data-settings=\"{&quot;_animation&quot;:&quot;none&quot;}\" data-widget_type=\"dsvy_heading.default\">\n\t\t\t\t<div class=\"elementor-widget-container\">\n\t\t\t\t<div class=\"dsvy-heading-subheading left-align dsvy-reverse-heading-yes\"><h2 class=\"dsvy-element-title\">\n\t\t\t\n\t\t\t\tTRAINING FOR WORKING AT HEIGHT\n\t\t\t\n\t\t\t<\/h2>\n\t\t<div class=\"dsvy-heading-desc\">Employers have a legal obligation to ensure that their employees are trained and a duty of care to ensure that the training provided is appropriate for the work at height they undertake. We can provide your company with the training best suited to your needs and help you keep your workers safe. Whether you're looking for off-the-shelf or customised safety training, on-site or off-site, we can help you stay fully compliant with the law.<\/div><\/div>\t\t<\/div>\n\t\t\t\t<\/div>\n\t\t\t\t\t<\/div>\n\t\t<\/div>\n\t\t\t\t\t<\/div>\n\t\t<\/section>\n\t\t\t\t<section class=\"elementor-section elementor-top-section elementor-element elementor-element-9dd9925 dsvy-col-stretched-none dsvy-bg-color-over-image elementor-section-boxed elementor-section-height-default elementor-section-height-default\" data-id=\"9dd9925\" data-element_type=\"section\">\n\t\t\t\t\t\t<div class=\"elementor-container elementor-column-gap-default\">\n\t\t\t\t\t<div class=\"elementor-column elementor-col-100 elementor-top-column elementor-element elementor-element-72df794 dsvy-bg-color-over-image\" data-id=\"72df794\" data-element_type=\"column\">\n\t\t\t<div class=\"elementor-widget-wrap elementor-element-populated\">\n\t\t\t\t\t\t<div class=\"elementor-element elementor-element-45e03f8 dsvy-heaing-style-2 dsvy-align-left elementor-invisible elementor-widget elementor-widget-dsvy_heading\" data-id=\"45e03f8\" data-element_type=\"widget\" data-settings=\"{&quot;_animation&quot;:&quot;fadeInUp&quot;}\" data-widget_type=\"dsvy_heading.default\">\n\t\t\t\t<div class=\"elementor-widget-container\">\n\t\t\t\t<div class=\"dsvy-heading-subheading left-align dsvy-reverse-heading-yes\"><h4 class=\"dsvy-element-subtitle\">\n\t\t\t\n\t\t\t\tCustom made\n\t\t\t\n\t\t\t<\/h4>\n\t\t<h2 class=\"dsvy-element-title\">\n\t\t\t\n\t\t\t\tMADE-TO-MEASURE\n\t\t\t\n\t\t\t<\/h2>\n\t\t<\/div>\t\t<\/div>\n\t\t\t\t<\/div>\n\t\t\t\t\t<\/div>\n\t\t<\/div>\n\t\t\t\t\t<\/div>\n\t\t<\/section>\n\t\t\t\t<section class=\"elementor-section elementor-top-section elementor-element elementor-element-9befd9d dsvy-col-stretched-none dsvy-bg-color-over-image elementor-section-boxed elementor-section-height-default elementor-section-height-default\" data-id=\"9befd9d\" data-element_type=\"section\">\n\t\t\t\t\t\t<div class=\"elementor-container elementor-column-gap-default\">\n\t\t\t\t\t<div class=\"elementor-column elementor-col-50 elementor-top-column elementor-element elementor-element-61f7697 dsvy-bg-color-over-image\" data-id=\"61f7697\" data-element_type=\"column\">\n\t\t\t<div class=\"elementor-widget-wrap elementor-element-populated\">\n\t\t\t\t\t\t<div class=\"elementor-element elementor-element-d3e4f55 elementor-invisible elementor-widget elementor-widget-text-editor\" data-id=\"d3e4f55\" data-element_type=\"widget\" data-settings=\"{&quot;_animation&quot;:&quot;fadeInUp&quot;}\" data-widget_type=\"text-editor.default\">\n\t\t\t\t<div class=\"elementor-widget-container\">\n\t\t\t\t\t\t\tPersonalise the workwear and uniforms worn by your team by adding the company name, company logo and\/or employee name and team to a range of garments.\nWhy customise a logo and personalise your company's work wear? The strategic use of corporate identity on your workwear and signage allows customers to recognise your brand, assures them of your team's professionalism and communicates the level of consistency they can expect from your service, products and employees when they have multiple points of contact with your company.\n<ul>\n \t<li>Printing on all types of workwear (T-shirts, jackets, trousers, helmets, etc.)<\/li>\n \t<li>Embroidery on all types of workwear<\/li>\n<\/ul>\t\t\t\t\t\t<\/div>\n\t\t\t\t<\/div>\n\t\t\t\t\t<\/div>\n\t\t<\/div>\n\t\t\t\t<div class=\"elementor-column elementor-col-50 elementor-top-column elementor-element elementor-element-5d1c351 dsvy-bg-color-over-image\" data-id=\"5d1c351\" data-element_type=\"column\">\n\t\t\t<div class=\"elementor-widget-wrap elementor-element-populated\">\n\t\t\t\t\t\t<div class=\"elementor-element elementor-element-639d429 elementor-invisible elementor-widget elementor-widget-image\" data-id=\"639d429\" data-element_type=\"widget\" data-settings=\"{&quot;_animation&quot;:&quot;fadeInUp&quot;}\" data-widget_type=\"image.default\">\n\t\t\t\t<div class=\"elementor-widget-container\">\n\t\t\t\t\t\t\t\t\t\t\t\t\t<img fetchpriority=\"high\" decoding=\"async\" width=\"847\" height=\"489\" src=\"https:\/\/www.globalsafety.biz\/wp-content\/uploads\/2024\/03\/photo1-e1710970734619-1024x591.jpg\" class=\"attachment-large size-large wp-image-738\" alt=\"\" srcset=\"https:\/\/www.globalsafety.biz\/wp-content\/uploads\/2024\/03\/photo1-e1710970734619-1024x591.jpg 1024w, https:\/\/www.globalsafety.biz\/wp-content\/uploads\/2024\/03\/photo1-e1710970734619-300x173.jpg 300w, https:\/\/www.globalsafety.biz\/wp-content\/uploads\/2024\/03\/photo1-e1710970734619-768x443.jpg 768w, https:\/\/www.globalsafety.biz\/wp-content\/uploads\/2024\/03\/photo1-e1710970734619-770x445.jpg 770w, https:\/\/www.globalsafety.biz\/wp-content\/uploads\/2024\/03\/photo1-e1710970734619.jpg 1117w\" sizes=\"(max-width: 847px) 100vw, 847px\" \/>\t\t\t\t\t\t\t\t\t\t\t\t\t<\/div>\n\t\t\t\t<\/div>\n\t\t\t\t\t<\/div>\n\t\t<\/div>\n\t\t\t\t\t<\/div>\n\t\t<\/section>\n\t\t\t\t<\/div>","protected":false},"excerpt":{"rendered":"<p>Maintenance &amp; \u00e9talonnage des d\u00e9tecteurs gaz et \u00e9thylotest Les d\u00e9tecteurs gaz et \u00e9thylotest utilisent diff\u00e9rents types de cellules (catalytiques, infra-rouges, \u00e9lectrochimiques, semi-conducteur ou \u00e0 photo-ionisations) qui n\u00e9cessitent un \u00e9talonnage r\u00e9gulier pour assurer des mesures exactes et fiables dans la dur\u00e9e. Chez Global Safety, nous disposons d\u2019une \u00e9quipe de techniciens qualifi\u00e9s et agr\u00e9\u00e9s par nos fabricants partenaires, qui assurent des services de maintenance et de contr\u00f4les p\u00e9riodiques des d\u00e9tecteurs de gaz[&hellip;]<\/p>","protected":false},"author":1,"featured_media":0,"parent":0,"menu_order":0,"comment_status":"closed","ping_status":"closed","template":"","meta":{"_acf_changed":false,"footnotes":""},"class_list":["post-683","page","type-page","status-publish","hentry"],"acf":[],"aioseo_notices":[],"_links":{"self":[{"href":"https:\/\/www.globalsafety.biz\/en\/wp-json\/wp\/v2\/pages\/683","targetHints":{"allow":["GET"]}}],"collection":[{"href":"https:\/\/www.globalsafety.biz\/en\/wp-json\/wp\/v2\/pages"}],"about":[{"href":"https:\/\/www.globalsafety.biz\/en\/wp-json\/wp\/v2\/types\/page"}],"author":[{"embeddable":true,"href":"https:\/\/www.globalsafety.biz\/en\/wp-json\/wp\/v2\/users\/1"}],"replies":[{"embeddable":true,"href":"https:\/\/www.globalsafety.biz\/en\/wp-json\/wp\/v2\/comments?post=683"}],"version-history":[{"count":58,"href":"https:\/\/www.globalsafety.biz\/en\/wp-json\/wp\/v2\/pages\/683\/revisions"}],"predecessor-version":[{"id":1395,"href":"https:\/\/www.globalsafety.biz\/en\/wp-json\/wp\/v2\/pages\/683\/revisions\/1395"}],"wp:attachment":[{"href":"https:\/\/www.globalsafety.biz\/en\/wp-json\/wp\/v2\/media?parent=683"}],"curies":[{"name":"wp","href":"https:\/\/api.w.org\/{rel}","templated":true}]}}